{"id":658,"date":"2017-04-19T23:27:40","date_gmt":"2017-04-19T23:27:40","guid":{"rendered":"http:\/\/fabriquero.mx\/sample-page\/"},"modified":"2018-03-21T19:10:30","modified_gmt":"2018-03-21T19:10:30","slug":"sample-page","status":"publish","type":"page","link":"https:\/\/fabriquero.com\/en\/","title":{"rendered":"HOME INGLES"},"content":{"rendered":"<p>[et_pb_section fb_built=&#8221;1&#8243; background_image=&#8221;https:\/\/fabriquero.com\/wp-content\/uploads\/2018\/03\/Slider-Fabriquero-Sotol.jpg&#8221; custom_padding=&#8221;0px|0px|62px|0px&#8221; fullwidth=&#8221;on&#8221; admin_label=&#8221;section&#8221;][et_pb_fullwidth_slider show_arrows=&#8221;off&#8221; show_pagination=&#8221;off&#8221; auto=&#8221;on&#8221; parallax=&#8221;on&#8221; top_padding=&#8221;200px&#8221; admin_label=&#8221;Fullwidth Slider&#8221; header_font=&#8221;Crimson Text||||&#8221; header_font_size=&#8221;46px&#8221; body_font=&#8221;Crimson Text||||&#8221; body_font_size=&#8221;27px&#8221;][et_pb_slide button_text=&#8221;LEARN MORE&#8221; button_link=&#8221;https:\/\/fabriquero.com\/en\/sotol\/&#8221; background_position=&#8221;top_center&#8221; background_size=&#8221;contain&#8221; background_color=&#8221;rgba(255,255,255,0.03)&#8221; use_bg_overlay=&#8221;off&#8221; use_text_overlay=&#8221;off&#8221; text_border_radius=&#8221;7px&#8221; header_font=&#8221;|on|||&#8221; header_font_size=&#8221;40px&#8221; header_font_size_tablet=&#8221;47px&#8221; header_font_size_phone=&#8221;47px&#8221; header_text_color=&#8221;#ffffff&#8221; body_font=&#8221;||||&#8221; body_font_size=&#8221;22px&#8221; body_font_size_tablet=&#8221;20px&#8221; body_font_size_phone=&#8221;20px&#8221; body_line_height=&#8221;1.5em&#8221; body_line_height_tablet=&#8221;1.5em&#8221; body_line_height_phone=&#8221;1.5em&#8221; custom_button=&#8221;on&#8221; button_text_size=&#8221;16px&#8221; button_bg_color=&#8221;rgba(0,0,0,0.23)&#8221; button_border_width=&#8221;1px&#8221; button_font=&#8221;||||&#8221; button_use_icon=&#8221;off&#8221; button_bg_color_hover=&#8221;rgba(0,0,0,0.41)&#8221; button_text_size_tablet=&#8221;19px&#8221; button_text_size_phone=&#8221;19px&#8221;]<\/p>\n<p class=\"et-fb-mce-line-break-holder\" style=\"text-align: center;\"><img loading=\"lazy\" decoding=\"async\" class=\"wp-image-479 alignnone size-medium\" src=\"https:\/\/fabriquero.com\/wp-content\/uploads\/2017\/05\/listonBCO-300x65.png\" alt=\"\" width=\"335\" height=\"78\" \/><\/p>\n<p style=\"text-align: center;\">In a ca\u00f1on in northern Durango, with over a hundred years<br \/>\nof tradition, we slowly distill in small batches this extraordinary sotol.<\/p>\n<p>[\/et_pb_slide][\/et_pb_fullwidth_slider][\/et_pb_section][et_pb_section fb_built=&#8221;1&#8243; custom_padding=&#8221;0px|0px|7px|0px&#8221; admin_label=&#8221;Secci\u00f3n&#8221;][et_pb_row custom_padding=&#8221;29px|0px|10px|0px&#8221; admin_label=&#8221;Fila&#8221;][et_pb_column type=&#8221;4_4&#8243; parallax=&#8221;off&#8221; parallax_method=&#8221;on&#8221;][et_pb_text text_orientation=&#8221;center&#8221; admin_label=&#8221;Texto&#8221; header_letter_spacing=&#8221;1px&#8221; header_line_height=&#8221;2.3px&#8221; text_font=&#8221;Crimson Text||on||&#8221; text_font_size=&#8221;21px&#8221; text_text_color=&#8221;#000000&#8243; text_line_height=&#8221;1.6em&#8221;]<\/p>\n<p style=\"text-align: center;\">Fabriquero is a collection of traditional distillates<br \/>\nproduced in the Denomination of Origin Sotol:<br \/>\nof Coahuila, Chihuahua and Durango.<\/p>\n<p style=\"text-align: center;\"><img loading=\"lazy\" decoding=\"async\" class=\"wp-image-75 aligncenter\" src=\"https:\/\/fabriquero.com\/wp-content\/uploads\/2017\/04\/cropped-fabriquero-favicon-300x300.png\" alt=\"\" width=\"58\" height=\"53\" \/><\/p>\n<p>[\/et_pb_text][\/et_pb_column][\/et_pb_row][\/et_pb_section][et_pb_section fb_built=&#8221;1&#8243; custom_padding=&#8221;0px|0px|0px|0px&#8221; fullwidth=&#8221;on&#8221; admin_label=&#8221;section&#8221;][et_pb_fullwidth_slider show_arrows=&#8221;off&#8221; show_pagination=&#8221;off&#8221; auto=&#8221;on&#8221; admin_label=&#8221;Fullwidth Slider&#8221; header_font=&#8221;Crimson Text||||&#8221; header_font_size=&#8221;46px&#8221; header_font_size_phone=&#8221;27px&#8221; header_font_size_last_edited=&#8221;on|desktop&#8221; body_font=&#8221;Crimson Text||||&#8221; body_font_size_phone=&#8221;18px&#8221; body_font_size_last_edited=&#8221;on|desktop&#8221;][et_pb_slide heading=&#8221;WHAT IS SOTOL?&#8221; button_text=&#8221;MORE INFORMATION&#8221; button_link=&#8221;https:\/\/fabriquero.com\/en\/sotol\/&#8221; background_image=&#8221;https:\/\/fabriquero.com\/wp-content\/uploads\/2017\/04\/IMG_1558medio.jpg&#8221; background_size=&#8221;cover&#8221; background_color=&#8221;rgba(255,255,255,0.03)&#8221; use_bg_overlay=&#8221;on&#8221; bg_overlay_color=&#8221;rgba(0,0,0,0.32)&#8221; use_text_overlay=&#8221;off&#8221; text_border_radius=&#8221;7px&#8221; header_font=&#8221;|on|||&#8221; header_font_size=&#8221;40px&#8221; header_font_size_tablet=&#8221;47px&#8221; header_font_size_phone=&#8221;47px&#8221; header_text_color=&#8221;#ffffff&#8221; body_font=&#8221;||||&#8221; body_font_size=&#8221;22px&#8221; body_font_size_tablet=&#8221;20px&#8221; body_font_size_phone=&#8221;20px&#8221; body_line_height=&#8221;1.5em&#8221; body_line_height_tablet=&#8221;1.5em&#8221; body_line_height_phone=&#8221;1.5em&#8221; custom_button=&#8221;on&#8221; button_text_size=&#8221;16px&#8221; button_bg_color=&#8221;rgba(0,0,0,0.23)&#8221; button_border_width=&#8221;1px&#8221; button_font=&#8221;||||&#8221; button_use_icon=&#8221;off&#8221; button_bg_color_hover=&#8221;rgba(0,0,0,0.41)&#8221; button_text_size_tablet=&#8221;19px&#8221; button_text_size_phone=&#8221;19px&#8221;]<\/p>\n<p style=\"text-align: center;\">It is a plant from the lily family called Dasylirion, known as the desert spoon or Sotol that grows in the desert in the north of Mexico. \u00a0The Sotol has a Denomination of Origin that comprises the states of Chihuahua, Coahuila an Durango and must use be distilled from 100% of Sotol.<\/p>\n<p>[\/et_pb_slide][\/et_pb_fullwidth_slider][\/et_pb_section][et_pb_section fb_built=&#8221;1&#8243; custom_padding=&#8221;0px|0px|1px|0px&#8221; admin_label=&#8221;section&#8221;][et_pb_row admin_label=&#8221;row&#8221;][et_pb_column type=&#8221;1_3&#8243; parallax=&#8221;off&#8221; parallax_method=&#8221;on&#8221;][et_pb_blurb title=&#8221;TASTING NOTES&#8221; url=&#8221;https:\/\/fabriquero.com\/en\/sotol\/&#8221; image=&#8221;https:\/\/fabriquero.com\/wp-content\/uploads\/2017\/04\/Sotol-Bottle-shot2-copy.jpg&#8221; animation=&#8221;bottom&#8221; text_orientation=&#8221;center&#8221; admin_label=&#8221;Blurb&#8221; header_font=&#8221;Crimson Text|on|||&#8221; header_font_size=&#8221;23px&#8221; header_line_height=&#8221;1.2em&#8221; body_line_height=&#8221;1.8em&#8221;]<\/p>\n<p>This elegant sotol from northern Durango has herbaceous notes with violet blossom and charred mesquite with great acidity and long finish.<\/p>\n<p>[\/et_pb_blurb][\/et_pb_column][et_pb_column type=&#8221;1_3&#8243; parallax=&#8221;off&#8221; parallax_method=&#8221;on&#8221;][et_pb_blurb title=&#8221;100% DASYLIRION&#8221; url=&#8221;https:\/\/fabriquero.com\/en\/sotol\/&#8221; url_new_window=&#8221;on&#8221; image=&#8221;https:\/\/fabriquero.com\/wp-content\/uploads\/2017\/04\/dasylirion4.jpg&#8221; animation=&#8221;bottom&#8221; text_orientation=&#8221;center&#8221; max_width=&#8221;200px&#8221; admin_label=&#8221;Blurb&#8221; header_font=&#8221;Crimson Text|on|||&#8221; header_font_size=&#8221;24px&#8221; body_line_height=&#8221;1.8em&#8221;]<\/p>\n<p>Dasylirion Wheeleri, known as Sotol, is a 100% wild plant that grows abundantly\u00a0in Don H\u00e9ctor Jim\u00e9nez ranch of Ventanas.<\/p>\n<p>[\/et_pb_blurb][\/et_pb_column][et_pb_column type=&#8221;1_3&#8243; parallax=&#8221;off&#8221; parallax_method=&#8221;on&#8221;][et_pb_blurb title=&#8221;DENOMINATION OF ORIGIN&#8221; url=&#8221;https:\/\/fabriquero.com\/en\/historia\/&#8221; image=&#8221;https:\/\/fabriquero.com\/wp-content\/uploads\/2017\/04\/mapa4.jpg&#8221; animation=&#8221;bottom&#8221; text_orientation=&#8221;center&#8221; admin_label=&#8221;Blurb&#8221; header_font=&#8221;Crimson Text|on|||&#8221; header_font_size=&#8221;23px&#8221; body_line_height=&#8221;1.8em&#8221;]<\/p>\n<p>Sotol, like the greatest distillates of the world, has a Denomination of Origin that is composed of 3 states in northern Mexico.<\/p>\n<p>[\/et_pb_blurb][\/et_pb_column][\/et_pb_row][\/et_pb_section][et_pb_section fb_built=&#8221;1&#8243; inner_shadow=&#8221;on&#8221; custom_padding=&#8221;0px|0px|0px|0px&#8221; fullwidth=&#8221;on&#8221; admin_label=&#8221;section&#8221;][et_pb_fullwidth_slider show_arrows=&#8221;off&#8221; show_pagination=&#8221;off&#8221; auto=&#8221;on&#8221; admin_label=&#8221;Fullwidth Slider&#8221; header_font=&#8221;Crimson Text||||&#8221; header_font_size=&#8221;46px&#8221; header_font_size_phone=&#8221;28px&#8221; header_font_size_last_edited=&#8221;on|desktop&#8221; body_font=&#8221;Crimson Text||||&#8221; body_font_size=&#8221;27px&#8221; body_font_size_phone=&#8221;18px&#8221; body_font_size_last_edited=&#8221;on|desktop&#8221;][et_pb_slide heading=&#8221;PRODUCTION&#8221; button_text=&#8221;EXPLORE&#8221; button_link=&#8221;https:\/\/fabriquero.com\/en\/produccion\/&#8221; background_image=&#8221;https:\/\/fabriquero.com\/wp-content\/uploads\/2017\/04\/IMG_1744medio.jpg&#8221; background_size=&#8221;cover&#8221; background_color=&#8221;rgba(255,255,255,0.03)&#8221; use_bg_overlay=&#8221;on&#8221; bg_overlay_color=&#8221;rgba(0,0,0,0.17)&#8221; use_text_overlay=&#8221;off&#8221; text_border_radius=&#8221;7px&#8221; header_font=&#8221;|on|||&#8221; header_font_size=&#8221;40px&#8221; header_font_size_tablet=&#8221;47px&#8221; header_font_size_phone=&#8221;47px&#8221; header_text_color=&#8221;#ffffff&#8221; body_font=&#8221;||||&#8221; body_font_size=&#8221;22px&#8221; body_font_size_tablet=&#8221;20px&#8221; body_font_size_phone=&#8221;20px&#8221; body_line_height=&#8221;1.5em&#8221; body_line_height_tablet=&#8221;1.5em&#8221; body_line_height_phone=&#8221;1.5em&#8221; custom_button=&#8221;on&#8221; button_text_size=&#8221;16px&#8221; button_bg_color=&#8221;rgba(0,0,0,0.23)&#8221; button_border_width=&#8221;1px&#8221; button_font=&#8221;||||&#8221; button_use_icon=&#8221;off&#8221; button_bg_color_hover=&#8221;rgba(0,0,0,0.41)&#8221; button_text_size_tablet=&#8221;19px&#8221; button_text_size_phone=&#8221;19px&#8221;]<\/p>\n<p style=\"text-align: center;\">In this large estate called Rancho Ventanas, we produce an exquisite hand crafted Sotol, that maintains the tradition that this <em>vinata\u00a0<\/em>or distillery has maintained for over 100 years.<\/p>\n<p>[\/et_pb_slide][\/et_pb_fullwidth_slider][\/et_pb_section][et_pb_section fb_built=&#8221;1&#8243; transparent_background=&#8221;on&#8221; custom_padding=&#8221;6px|0px|0px|0px&#8221; fullwidth=&#8221;on&#8221; admin_label=&#8221;section&#8221;][et_pb_fullwidth_slider show_arrows=&#8221;off&#8221; show_pagination=&#8221;off&#8221; auto=&#8221;on&#8221; admin_label=&#8221;Fullwidth Slider&#8221; header_font=&#8221;Crimson Text||||&#8221; header_font_size=&#8221;46px&#8221; header_font_size_phone=&#8221;27px&#8221; header_font_size_last_edited=&#8221;on|desktop&#8221; body_font=&#8221;Crimson Text||||&#8221; body_font_size=&#8221;27px&#8221; body_font_size_phone=&#8221;18px&#8221; body_font_size_last_edited=&#8221;on|desktop&#8221;][et_pb_slide heading=&#8221;HISTORY&#8221; button_text=&#8221;MORE INFORMATION&#8221; button_link=&#8221;https:\/\/fabriquero.com\/produccion\/&#8221; background_image=&#8221;https:\/\/fabriquero.com\/wp-content\/uploads\/2017\/04\/IMG_1540-1.jpg&#8221; background_size=&#8221;cover&#8221; background_color=&#8221;rgba(255,255,255,0.03)&#8221; use_bg_overlay=&#8221;on&#8221; bg_overlay_color=&#8221;rgba(0,0,0,0.17)&#8221; use_text_overlay=&#8221;off&#8221; text_border_radius=&#8221;7px&#8221; header_font=&#8221;|on|||&#8221; header_font_size=&#8221;40px&#8221; header_font_size_tablet=&#8221;47px&#8221; header_font_size_phone=&#8221;47px&#8221; header_text_color=&#8221;#ffffff&#8221; body_font=&#8221;||||&#8221; body_font_size=&#8221;22px&#8221; body_font_size_tablet=&#8221;20px&#8221; body_font_size_phone=&#8221;20px&#8221; body_line_height=&#8221;1.5em&#8221; body_line_height_tablet=&#8221;1.5em&#8221; body_line_height_phone=&#8221;1.5em&#8221; custom_button=&#8221;on&#8221; button_text_size=&#8221;16px&#8221; button_bg_color=&#8221;rgba(0,0,0,0.23)&#8221; button_border_width=&#8221;1px&#8221; button_font=&#8221;||||&#8221; button_use_icon=&#8221;off&#8221; button_bg_color_hover=&#8221;rgba(0,0,0,0.41)&#8221; button_text_size_tablet=&#8221;19px&#8221; button_text_size_phone=&#8221;19px&#8221;]<\/p>\n<p style=\"text-align: center;\">Since Don H\u00e9ctor Jim\u00e9nez was a child, he learned to produced this extraordinary sotol as a student of master sotolero named Don Domingo Sari\u00f1ana. \u00a0After his passing, the vinata stayed inactive for a few decades. \u00a0Rescuing the history and tradition of this famous sotol ranch, Don H\u00e9ctor and his son Gamaliel, now produce this magnificent sotol.<\/p>\n<p>[\/et_pb_slide][\/et_pb_fullwidth_slider][\/et_pb_section][et_pb_section fb_built=&#8221;1&#8243; background_color=&#8221;#f2efd5&#8243; custom_padding=&#8221;0px|0px|0px|0px&#8221; admin_label=&#8221;section&#8221;][et_pb_row custom_padding=&#8221;30x|0px|50px|0px&#8221; admin_label=&#8221;row&#8221;][et_pb_column type=&#8221;4_4&#8243; parallax=&#8221;off&#8221; parallax_method=&#8221;on&#8221;][et_pb_text admin_label=&#8221;Texto&#8221;]<\/p>\n<p style=\"text-align: center;\"><img loading=\"lazy\" decoding=\"async\" class=\" wp-image-75 aligncenter\" src=\"https:\/\/fabriquero.com\/wp-content\/uploads\/2017\/04\/cropped-fabriquero-favicon-300x300.png\" alt=\"\" width=\"81\" height=\"75\" \/><\/p>\n<p style=\"text-align: center;\">\n[\/et_pb_text][\/et_pb_column][\/et_pb_row][\/et_pb_section][et_pb_section fb_built=&#8221;1&#8243; background_color=&#8221;#000000&#8243; custom_padding=&#8221;51.1875px|0px|0px|0px&#8221; admin_label=&#8221;Secci\u00f3n&#8221;][et_pb_row custom_padding=&#8221;0px|0px|0px|0px&#8221; admin_label=&#8221;Fila&#8221;][et_pb_column type=&#8221;4_4&#8243; parallax=&#8221;off&#8221; parallax_method=&#8221;on&#8221;][et_pb_text background_layout=&#8221;dark&#8221; text_orientation=&#8221;center&#8221; admin_label=&#8221;Texto&#8221;]<\/p>\n<p><a href=\"https:\/\/www.facebook.com\/fabriquerosotol\/\" target=\"_blank\" rel=\"noopener noreferrer\"><img loading=\"lazy\" decoding=\"async\" class=\"alignnone wp-image-715\" src=\"https:\/\/fabriquero.com\/wp-content\/uploads\/2017\/04\/FACEBOOK-BEIGE-300x287.png\" alt=\"\" width=\"36\" height=\"34\" srcset=\"https:\/\/fabriquero.com\/wp-content\/uploads\/2017\/04\/FACEBOOK-BEIGE-300x287.png 300w, https:\/\/fabriquero.com\/wp-content\/uploads\/2017\/04\/FACEBOOK-BEIGE.png 419w\" sizes=\"(max-width: 36px) 100vw, 36px\" \/><\/a>\u00a0<a href=\"https:\/\/www.instagram.com\/fabriquerosotol\/\" target=\"_blank\" rel=\"noopener noreferrer\"><img loading=\"lazy\" decoding=\"async\" class=\"alignnone wp-image-717\" src=\"https:\/\/fabriquero.com\/wp-content\/uploads\/2017\/04\/INSTAGRAM-BEIGE-300x286.png\" alt=\"\" width=\"34\" height=\"36\" \/><\/a>\u00a0<a href=\"https:\/\/twitter.com\/fabriquerosotol\" target=\"_blank\" rel=\"noopener noreferrer\"><img loading=\"lazy\" decoding=\"async\" class=\"alignnone wp-image-719\" src=\"https:\/\/fabriquero.com\/wp-content\/uploads\/2017\/04\/TWITTER-BEIGE-300x287.png\" alt=\"\" width=\"37\" height=\"35\" srcset=\"https:\/\/fabriquero.com\/wp-content\/uploads\/2017\/04\/TWITTER-BEIGE-300x287.png 300w, https:\/\/fabriquero.com\/wp-content\/uploads\/2017\/04\/TWITTER-BEIGE.png 419w\" sizes=\"(max-width: 37px) 100vw, 37px\" \/><\/a><br \/>\n\u00aeFABRIQUERO SOTOL \u2022 PRODUCT OF\u00a0M\u00c9XICO<\/p>\n<p style=\"text-align: center;\">\n[\/et_pb_text][\/et_pb_column][\/et_pb_row][\/et_pb_section]<\/p>\n","protected":false},"excerpt":{"rendered":"<p>In a ca\u00f1on in northern Durango, with over a hundred years of tradition, we slowly distill in small batches this extraordinary sotol. Fabriquero is a collection of traditional distillates produced in the Denomination of Origin Sotol: of Coahuila, Chihuahua and Durango. It is a plant from the lily family called Dasylirion, known as the desert [&hellip;]<\/p>\n","protected":false},"author":1,"featured_media":0,"parent":0,"menu_order":0,"comment_status":"closed","ping_status":"open","template":"","meta":{"_et_pb_use_builder":"on","_et_pb_old_content":"<p>This is an example page. It's different from a blog post because it will stay in one place and will show up in your site navigation (in most themes). Most people start with an About page that introduces them to potential site visitors. It might say something like this:<\/p><blockquote><p>Hi there! I'm a bike messenger by day, aspiring actor by night, and this is my website. I live in Los Angeles, have a great dog named Jack, and I like pi\u00f1a coladas. (And gettin' caught in the rain.)<\/p><\/blockquote><p>...or something like this:<\/p><blockquote><p>The XYZ Doohickey Company was founded in 1971, and has been providing quality doohickeys to the public ever since. Located in Gotham City, XYZ employs over 2,000 people and does all kinds of awesome things for the Gotham community.<\/p><\/blockquote><p>As a new WordPress user, you should go to <a href=\"https:\/\/fabriquero.com\/wp-admin\/\">your dashboard<\/a> to delete this page and create new pages for your content. Have fun!<\/p>","_et_gb_content_width":"","footnotes":""},"class_list":["post-658","page","type-page","status-publish","hentry"],"_links":{"self":[{"href":"https:\/\/fabriquero.com\/en\/wp-json\/wp\/v2\/pages\/658","targetHints":{"allow":["GET"]}}],"collection":[{"href":"https:\/\/fabriquero.com\/en\/wp-json\/wp\/v2\/pages"}],"about":[{"href":"https:\/\/fabriquero.com\/en\/wp-json\/wp\/v2\/types\/page"}],"author":[{"embeddable":true,"href":"https:\/\/fabriquero.com\/en\/wp-json\/wp\/v2\/users\/1"}],"replies":[{"embeddable":true,"href":"https:\/\/fabriquero.com\/en\/wp-json\/wp\/v2\/comments?post=658"}],"version-history":[{"count":5,"href":"https:\/\/fabriquero.com\/en\/wp-json\/wp\/v2\/pages\/658\/revisions"}],"predecessor-version":[{"id":962,"href":"https:\/\/fabriquero.com\/en\/wp-json\/wp\/v2\/pages\/658\/revisions\/962"}],"wp:attachment":[{"href":"https:\/\/fabriquero.com\/en\/wp-json\/wp\/v2\/media?parent=658"}],"curies":[{"name":"wp","href":"https:\/\/api.w.org\/{rel}","templated":true}]}}